{"id":340,"date":"2026-03-14T05:16:18","date_gmt":"2026-03-14T05:16:18","guid":{"rendered":"https:\/\/web.develop.begut.co\/?page_id=340"},"modified":"2026-03-27T17:26:03","modified_gmt":"2026-03-27T17:26:03","slug":"contactenos","status":"publish","type":"page","link":"https:\/\/begut.co\/index.php\/contactenos\/","title":{"rendered":"Cont\u00e1ctanos"},"content":{"rendered":"\n<div class=\"wp-block-columns is-layout-flex wp-container-core-columns-is-layout-28f84493 wp-block-columns-is-layout-flex\">\n<div class=\"wp-block-column is-layout-flow wp-block-column-is-layout-flow\" style=\"flex-basis:100%\">\n<details class=\"wp-block-details is-layout-flow wp-block-details-is-layout-flow\"><summary><strong>Estamos aqu\u00ed para responder todas tus inquietudes<\/strong><br><br><strong>Begut &#8211; SevenPharma<\/strong><br>Parque Industrial San Jorge, Av. Troncal de Occidente, Km 19 V\u00eda Bogot\u00e1-Mosquera, Bodega72<br><strong>Tel\u00e9fono:\u00a0<\/strong>+57 317 505 0023<br><strong>Correo:<\/strong>\u00a0info@begut.co<br><strong>www.begut.co<\/strong><\/summary><h2 class=\"wp-block-post-title\">Cont\u00e1ctanos<\/h2><\/details>\n<\/div>\n<\/div>\n\n\n<style id=\"wpforms-css-vars-301-block-1ff99ca6-14fd-49b5-8c82-a38bb85990e5\">\n\t\t\t\t#wpforms-301.wpforms-block-1ff99ca6-14fd-49b5-8c82-a38bb85990e5 {\n\t\t\t\t--wpforms-field-size-input-height: 43px;\n--wpforms-field-size-input-spacing: 15px;\n--wpforms-field-size-font-size: 16px;\n--wpforms-field-size-line-height: 19px;\n--wpforms-field-size-padding-h: 14px;\n--wpforms-field-size-checkbox-size: 16px;\n--wpforms-field-size-sublabel-spacing: 5px;\n--wpforms-field-size-icon-size: 1;\n--wpforms-label-size-font-size: 16px;\n--wpforms-label-size-line-height: 19px;\n--wpforms-label-size-sublabel-font-size: 14px;\n--wpforms-label-size-sublabel-line-height: 17px;\n--wpforms-button-size-font-size: 17px;\n--wpforms-button-size-height: 41px;\n--wpforms-button-size-padding-h: 15px;\n--wpforms-button-size-margin-top: 10px;\n\t\t\t}\n\t\t\t<\/style><div class=\"wpforms-container wpforms-container-full wpforms-block wpforms-block-1ff99ca6-14fd-49b5-8c82-a38bb85990e5 wpforms-render-modern\" id=\"wpforms-301\"><form id=\"wpforms-form-301\" class=\"wpforms-validate wpforms-form\" data-formid=\"301\" method=\"post\" enctype=\"multipart\/form-data\" action=\"\/index.php\/wp-json\/wp\/v2\/pages\/340\" data-token=\"9241ffa2495d4eedfe7212497dd4a51a\" data-token-time=\"1776423875\"><noscript class=\"wpforms-error-noscript\">Por favor, activa JavaScript en tu navegador para completar este formulario.<\/noscript><div id=\"wpforms-error-noscript\" style=\"display: none;\">Por favor, activa JavaScript en tu navegador para completar este formulario.<\/div><div class=\"wpforms-field-container\"><div id=\"wpforms-301-field_0-container\" class=\"wpforms-field wpforms-field-name\" data-field-id=\"0\"><fieldset><legend class=\"wpforms-field-label\">Nombre y Apellidos <span class=\"wpforms-required-label\" aria-hidden=\"true\">*<\/span><\/legend><div class=\"wpforms-field-row wpforms-field-medium\"><div class=\"wpforms-field-row-block wpforms-first wpforms-one-half\"><input type=\"text\" id=\"wpforms-301-field_0\" class=\"wpforms-field-name-first wpforms-field-required\" name=\"wpforms[fields][0][first]\" aria-errormessage=\"wpforms-301-field_0-error\" required><label for=\"wpforms-301-field_0\" class=\"wpforms-field-sublabel after\">Nombre<\/label><\/div><div class=\"wpforms-field-row-block wpforms-one-half\"><input type=\"text\" id=\"wpforms-301-field_0-last\" class=\"wpforms-field-name-last wpforms-field-required\" name=\"wpforms[fields][0][last]\" aria-errormessage=\"wpforms-301-field_0-last-error\" required><label for=\"wpforms-301-field_0-last\" class=\"wpforms-field-sublabel after\">Apellidos<\/label><\/div><\/div><\/fieldset><\/div>\t\t<div id=\"wpforms-301-field_4-container\"\n\t\t\tclass=\"wpforms-field wpforms-field-text\"\n\t\t\tdata-field-type=\"text\"\n\t\t\tdata-field-id=\"4\"\n\t\t\t>\n\t\t\t<label class=\"wpforms-field-label\" for=\"wpforms-301-field_4\" >Email Mensaje y<\/label>\n\t\t\t<input type=\"text\" id=\"wpforms-301-field_4\" class=\"wpforms-field-medium\" name=\"wpforms[fields][4]\" >\n\t\t<\/div>\n\t\t<div id=\"wpforms-301-field_1-container\" class=\"wpforms-field wpforms-field-email\" data-field-id=\"1\"><label class=\"wpforms-field-label\" for=\"wpforms-301-field_1\">Email <span class=\"wpforms-required-label\" aria-hidden=\"true\">*<\/span><\/label><input type=\"email\" id=\"wpforms-301-field_1\" class=\"wpforms-field-medium wpforms-field-required\" name=\"wpforms[fields][1]\" spellcheck=\"false\" aria-errormessage=\"wpforms-301-field_1-error\" required><\/div><div id=\"wpforms-301-field_2-container\" class=\"wpforms-field wpforms-field-textarea\" data-field-id=\"2\"><label class=\"wpforms-field-label\" for=\"wpforms-301-field_2\">Mensaje o comentario<\/label><textarea id=\"wpforms-301-field_2\" class=\"wpforms-field-medium\" name=\"wpforms[fields][2]\" aria-errormessage=\"wpforms-301-field_2-error\" ><\/textarea><\/div><div id=\"wpforms-301-field_3-container\" class=\"wpforms-field wpforms-field-checkbox\" data-field-id=\"3\"><fieldset><legend class=\"wpforms-field-label\">\u201cPol\u00edtica de tratamiento de datos personales\u201d <span class=\"wpforms-required-label\" aria-hidden=\"true\">*<\/span><\/legend><ul id=\"wpforms-301-field_3\" class=\"wpforms-field-required\"><li class=\"choice-1 depth-1 wpforms-selected\"><input type=\"checkbox\" id=\"wpforms-301-field_3_1\" name=\"wpforms[fields][3][]\" value=\"Acepto la Pol\u00edtica de tratamiento de datos personales\" aria-errormessage=\"wpforms-301-field_3_1-error\" aria-describedby=\"wpforms-301-field_3-description\" required  checked='checked'><label class=\"wpforms-field-label-inline\" for=\"wpforms-301-field_3_1\">Acepto la Pol\u00edtica de tratamiento de datos personales<\/label><\/li><\/ul><div id=\"wpforms-301-field_3-description\" class=\"wpforms-field-description wpforms-disclaimer-description\">AUTORIZACI\u00d3N PARA EL TRATAMIENTO DE DATOS PERSONALES<br \/>\n<br \/>\nDe conformidad con lo dispuesto en la Ley 1581 de 2012 y sus decretos reglamentarios, autorizo de manera libre, previa, expresa e informada a SevenPharma S.A.S. &#8211; Begut (en adelante \u201cla Empresa\u201d) para recolectar, almacenar, usar, procesar, transmitir y\/o transferir mis datos personales suministrados a trav\u00e9s de este formulario.<br \/>\n<br \/>\n1. Finalidad del tratamiento de datos<br \/>\nLos datos personales recolectados ser\u00e1n utilizados para las siguientes finalidades:<br \/>\n<br \/>\nContactar al titular para brindar informaci\u00f3n sobre productos, servicios, promociones y novedades.<br \/>\nGestionar solicitudes, consultas o requerimientos realizados.<br \/>\nRealizar seguimiento comercial y servicio al cliente.<br \/>\nEnviar comunicaciones v\u00eda correo electr\u00f3nico, WhatsApp, llamadas u otros medios autorizados.<br \/>\nRealizar an\u00e1lisis internos y estudios de mercado.<br \/>\n<br \/>\n2. Datos recolectados<br \/>\nLa Empresa podr\u00e1 recolectar datos como: nombre, n\u00famero de contacto, correo electr\u00f3nico, ubicaci\u00f3n y dem\u00e1s informaci\u00f3n que el usuario decida suministrar voluntariamente.<br \/>\n<br \/>\n3. Derechos del titular<br \/>\nComo titular de los datos personales, tengo derecho a:<br \/>\n<br \/>\nConocer, actualizar y rectificar mis datos personales.<br \/>\nSolicitar prueba de la autorizaci\u00f3n otorgada.<br \/>\nSer informado sobre el uso que se ha dado a mis datos.<br \/>\nRevocar la autorizaci\u00f3n y\/o solicitar la supresi\u00f3n de los datos cuando no se respeten los principios legales.<br \/>\nAcceder en forma gratuita a mis datos personales.<br \/>\n<br \/>\n4. Canales de atenci\u00f3n<br \/>\nPodr\u00e9 ejercer mis derechos a trav\u00e9s de los canales que la Empresa disponga para tal fin, tales como correo electr\u00f3nico o canales oficiales de atenci\u00f3n.<br \/>\n<br \/>\n5. Seguridad de la informaci\u00f3n<br \/>\nLa Empresa se compromete a adoptar las medidas t\u00e9cnicas, humanas y administrativas necesarias para proteger los datos personales y evitar su adulteraci\u00f3n, p\u00e9rdida, consulta, uso o acceso no autorizado.<br \/>\n<br \/>\n6. Vigencia de la autorizaci\u00f3n<br \/>\nLa presente autorizaci\u00f3n permanecer\u00e1 vigente mientras exista relaci\u00f3n con la Empresa o hasta que el titular solicite su revocatoria.<br \/>\n<br \/>\n7. Aceptaci\u00f3n<br \/>\nDeclaro que he le\u00eddo y acepto los presentes t\u00e9rminos y condiciones, y autorizo el tratamiento de mis datos personales conforme a lo aqu\u00ed establecido.<\/div><\/fieldset><\/div><script>\n\t\t\t\t( function() {\n\t\t\t\t\tconst style = document.createElement( 'style' );\n\t\t\t\t\tstyle.appendChild( document.createTextNode( '#wpforms-301-field_4-container { position: absolute !important; overflow: hidden !important; display: inline !important; height: 1px !important; width: 1px !important; z-index: -1000 !important; padding: 0 !important; } #wpforms-301-field_4-container input { visibility: hidden; } #wpforms-conversational-form-page #wpforms-301-field_4-container label { counter-increment: none; }' ) );\n\t\t\t\t\tdocument.head.appendChild( style );\n\t\t\t\t\tdocument.currentScript?.remove();\n\t\t\t\t} )();\n\t\t\t<\/script><\/div><!-- .wpforms-field-container --><div class=\"wpforms-submit-container\" ><input type=\"hidden\" name=\"wpforms[id]\" value=\"301\"><input type=\"hidden\" name=\"page_title\" value=\"\"><input type=\"hidden\" name=\"page_url\" value=\"https:\/\/begut.co\/index.php\/wp-json\/wp\/v2\/pages\/340\"><input type=\"hidden\" name=\"url_referer\" value=\"\"><button type=\"submit\" name=\"wpforms[submit]\" id=\"wpforms-submit-301\" class=\"wpforms-submit\" data-alt-text=\"Enviando...\" data-submit-text=\"Enviar Mensaje\" aria-live=\"assertive\" value=\"wpforms-submit\">Enviar Mensaje<\/button><\/div><\/form><\/div>  <!-- .wpforms-container -->","protected":false},"excerpt":{"rendered":"","protected":false},"author":1,"featured_media":0,"parent":0,"menu_order":0,"comment_status":"closed","ping_status":"closed","template":"","meta":{"_themeisle_gutenberg_block_has_review":false,"footnotes":""},"class_list":["post-340","page","type-page","status-publish","hentry"],"jetpack_sharing_enabled":true,"_links":{"self":[{"href":"https:\/\/begut.co\/index.php\/wp-json\/wp\/v2\/pages\/340","targetHints":{"allow":["GET"]}}],"collection":[{"href":"https:\/\/begut.co\/index.php\/wp-json\/wp\/v2\/pages"}],"about":[{"href":"https:\/\/begut.co\/index.php\/wp-json\/wp\/v2\/types\/page"}],"author":[{"embeddable":true,"href":"https:\/\/begut.co\/index.php\/wp-json\/wp\/v2\/users\/1"}],"replies":[{"embeddable":true,"href":"https:\/\/begut.co\/index.php\/wp-json\/wp\/v2\/comments?post=340"}],"version-history":[{"count":4,"href":"https:\/\/begut.co\/index.php\/wp-json\/wp\/v2\/pages\/340\/revisions"}],"predecessor-version":[{"id":713,"href":"https:\/\/begut.co\/index.php\/wp-json\/wp\/v2\/pages\/340\/revisions\/713"}],"wp:attachment":[{"href":"https:\/\/begut.co\/index.php\/wp-json\/wp\/v2\/media?parent=340"}],"curies":[{"name":"wp","href":"https:\/\/api.w.org\/{rel}","templated":true}]}}