{"id":538,"date":"2026-03-25T21:45:32","date_gmt":"2026-03-25T21:45:32","guid":{"rendered":"https:\/\/web.develop.begut.co\/?post_type=product&#038;p=538"},"modified":"2026-03-25T21:45:32","modified_gmt":"2026-03-25T21:45:32","slug":"apositos-oculares-ninos-y-adultos","status":"publish","type":"product","link":"https:\/\/begut.co\/index.php\/producto\/apositos-oculares-ninos-y-adultos\/","title":{"rendered":"Ap\u00f3sitos Oculares Ni\u00f1os y Adultos"},"content":{"rendered":"<p>Efectiva protecci\u00f3n ocular, Material microporoso, permite que la piel respire normalmente, adhesivo m\u00e9dico, hipoalerg\u00e9nico, M\u00e1xima comodidad, livianos, para terapias oculares, bajo prescripci\u00f3n m\u00e9dica donde est\u00e9 indicada la oclusi\u00f3n del ojo.<\/p>\n","protected":false},"excerpt":{"rendered":"<p><strong>Recuperaci\u00f3n segura y protecci\u00f3n efectiva<\/strong><\/p>\n","protected":false},"featured_media":539,"template":"","meta":{"_themeisle_gutenberg_block_has_review":false},"product_brand":[],"product_cat":[35],"product_tag":[],"class_list":{"0":"post-538","1":"product","2":"type-product","3":"status-publish","4":"has-post-thumbnail","6":"product_cat-cuidado-de-la-herida","8":"first","9":"instock","10":"shipping-taxable","11":"product-type-simple"},"jetpack_sharing_enabled":true,"_links":{"self":[{"href":"https:\/\/begut.co\/index.php\/wp-json\/wp\/v2\/product\/538","targetHints":{"allow":["GET"]}}],"collection":[{"href":"https:\/\/begut.co\/index.php\/wp-json\/wp\/v2\/product"}],"about":[{"href":"https:\/\/begut.co\/index.php\/wp-json\/wp\/v2\/types\/product"}],"wp:featuredmedia":[{"embeddable":true,"href":"https:\/\/begut.co\/index.php\/wp-json\/wp\/v2\/media\/539"}],"wp:attachment":[{"href":"https:\/\/begut.co\/index.php\/wp-json\/wp\/v2\/media?parent=538"}],"wp:term":[{"taxonomy":"product_brand","embeddable":true,"href":"https:\/\/begut.co\/index.php\/wp-json\/wp\/v2\/product_brand?post=538"},{"taxonomy":"product_cat","embeddable":true,"href":"https:\/\/begut.co\/index.php\/wp-json\/wp\/v2\/product_cat?post=538"},{"taxonomy":"product_tag","embeddable":true,"href":"https:\/\/begut.co\/index.php\/wp-json\/wp\/v2\/product_tag?post=538"}],"curies":[{"name":"wp","href":"https:\/\/api.w.org\/{rel}","templated":true}]}}