{"id":541,"date":"2026-03-25T21:54:48","date_gmt":"2026-03-25T21:54:48","guid":{"rendered":"https:\/\/web.develop.begut.co\/?post_type=product&#038;p=541"},"modified":"2026-03-25T21:55:10","modified_gmt":"2026-03-25T21:55:10","slug":"esparadrapo-microporoso","status":"publish","type":"product","link":"https:\/\/begut.co\/index.php\/producto\/esparadrapo-microporoso\/","title":{"rendered":"Esparadrapo Microporoso"},"content":{"rendered":"<p>Hipoalerg\u00e9nico adhesivo, f\u00e1cil rasgado, color piel, para todo tipo de piel inclusive la m\u00e1s sensible, formado por soporte de<br \/>\nfibras entrelazadas no tejidas, Empleado para fijar o sujetar vendaje y gasas sobre la piel.<\/p>\n","protected":false},"excerpt":{"rendered":"<p><b data-path-to-node=\"2\" data-index-in-node=\"0\">Recuperaci\u00f3n segura y protecci\u00f3n efectiva<\/b><\/p>\n","protected":false},"featured_media":542,"template":"","meta":{"_themeisle_gutenberg_block_has_review":false},"product_brand":[],"product_cat":[35],"product_tag":[],"class_list":{"0":"post-541","1":"product","2":"type-product","3":"status-publish","4":"has-post-thumbnail","6":"product_cat-cuidado-de-la-herida","8":"first","9":"instock","10":"shipping-taxable","11":"product-type-simple"},"jetpack_sharing_enabled":true,"_links":{"self":[{"href":"https:\/\/begut.co\/index.php\/wp-json\/wp\/v2\/product\/541","targetHints":{"allow":["GET"]}}],"collection":[{"href":"https:\/\/begut.co\/index.php\/wp-json\/wp\/v2\/product"}],"about":[{"href":"https:\/\/begut.co\/index.php\/wp-json\/wp\/v2\/types\/product"}],"wp:featuredmedia":[{"embeddable":true,"href":"https:\/\/begut.co\/index.php\/wp-json\/wp\/v2\/media\/542"}],"wp:attachment":[{"href":"https:\/\/begut.co\/index.php\/wp-json\/wp\/v2\/media?parent=541"}],"wp:term":[{"taxonomy":"product_brand","embeddable":true,"href":"https:\/\/begut.co\/index.php\/wp-json\/wp\/v2\/product_brand?post=541"},{"taxonomy":"product_cat","embeddable":true,"href":"https:\/\/begut.co\/index.php\/wp-json\/wp\/v2\/product_cat?post=541"},{"taxonomy":"product_tag","embeddable":true,"href":"https:\/\/begut.co\/index.php\/wp-json\/wp\/v2\/product_tag?post=541"}],"curies":[{"name":"wp","href":"https:\/\/api.w.org\/{rel}","templated":true}]}}