{"id":550,"date":"2026-03-25T22:09:48","date_gmt":"2026-03-25T22:09:48","guid":{"rendered":"https:\/\/web.develop.begut.co\/?post_type=product&#038;p=550"},"modified":"2026-03-25T22:25:32","modified_gmt":"2026-03-25T22:25:32","slug":"guantes-de-nitrilo","status":"publish","type":"product","link":"https:\/\/begut.co\/index.php\/producto\/guantes-de-nitrilo\/","title":{"rendered":"Guantes de Nitrilo Talla S,M,L"},"content":{"rendered":"<p>El Guante de Nitrilo de un solo uso, se utiliza para examinar. Son una alternativa para aquellas personas con alergia a los guantes de l\u00e1tex. Proporciona una excelente protecci\u00f3n contra la abrasi\u00f3n y pinchazos, con resistencia qu\u00edmica a la mayora de los l\u00edquidos. Proporciona una excelente sensibilidad t\u00e1ctil con comodidad. Garantiza una protecci\u00f3n \u00f3ptima de barrera.<\/p>\n<p>Se han dise\u00f1ado para la realizaci\u00f3n de ex\u00e1menes en odontolog\u00eda, M\u00e9dicos, bacteriolog\u00eda, pediatr\u00eda y odontopediatr\u00eda, Veterinarios, Centros de Salud, salones de belleza, centros de tatuaje, preparaci\u00f3n y manipulaci\u00f3n de alimentos, mantenimiento en general.<\/p>\n","protected":false},"excerpt":{"rendered":"<p><strong>Barreras de defensa confiables para tu entorno<\/strong><\/p>\n","protected":false},"featured_media":551,"template":"","meta":{"_themeisle_gutenberg_block_has_review":false},"product_brand":[],"product_cat":[36],"product_tag":[],"class_list":{"0":"post-550","1":"product","2":"type-product","3":"status-publish","4":"has-post-thumbnail","6":"product_cat-proteccion","8":"first","9":"instock","10":"shipping-taxable","11":"product-type-simple"},"jetpack_sharing_enabled":true,"_links":{"self":[{"href":"https:\/\/begut.co\/index.php\/wp-json\/wp\/v2\/product\/550","targetHints":{"allow":["GET"]}}],"collection":[{"href":"https:\/\/begut.co\/index.php\/wp-json\/wp\/v2\/product"}],"about":[{"href":"https:\/\/begut.co\/index.php\/wp-json\/wp\/v2\/types\/product"}],"wp:featuredmedia":[{"embeddable":true,"href":"https:\/\/begut.co\/index.php\/wp-json\/wp\/v2\/media\/551"}],"wp:attachment":[{"href":"https:\/\/begut.co\/index.php\/wp-json\/wp\/v2\/media?parent=550"}],"wp:term":[{"taxonomy":"product_brand","embeddable":true,"href":"https:\/\/begut.co\/index.php\/wp-json\/wp\/v2\/product_brand?post=550"},{"taxonomy":"product_cat","embeddable":true,"href":"https:\/\/begut.co\/index.php\/wp-json\/wp\/v2\/product_cat?post=550"},{"taxonomy":"product_tag","embeddable":true,"href":"https:\/\/begut.co\/index.php\/wp-json\/wp\/v2\/product_tag?post=550"}],"curies":[{"name":"wp","href":"https:\/\/api.w.org\/{rel}","templated":true}]}}