{"id":558,"date":"2026-03-25T22:21:34","date_gmt":"2026-03-25T22:21:34","guid":{"rendered":"https:\/\/web.develop.begut.co\/?post_type=product&#038;p=558"},"modified":"2026-03-25T22:27:03","modified_gmt":"2026-03-25T22:27:03","slug":"venda-de-yeso","status":"publish","type":"product","link":"https:\/\/begut.co\/index.php\/producto\/venda-de-yeso\/","title":{"rendered":"Venda de Yeso Blanco"},"content":{"rendered":"<p>Para inmovilizar huesos en caso de fractura, en ortopedia corporal, fijaci\u00f3n, empleado en la pr\u00e1ctica cl\u00ednica ortop\u00e9dica y en primeros auxilios brindando m\u00e1s estabilidad y comodidad a los pacientes.<\/p>\n","protected":false},"excerpt":{"rendered":"<p><strong>Barreras de defensa confiables para tu entorno<\/strong><\/p>\n","protected":false},"featured_media":563,"template":"","meta":{"_themeisle_gutenberg_block_has_review":false},"product_brand":[],"product_cat":[36],"product_tag":[],"class_list":{"0":"post-558","1":"product","2":"type-product","3":"status-publish","4":"has-post-thumbnail","6":"product_cat-proteccion","8":"first","9":"instock","10":"shipping-taxable","11":"product-type-simple"},"jetpack_sharing_enabled":true,"_links":{"self":[{"href":"https:\/\/begut.co\/index.php\/wp-json\/wp\/v2\/product\/558","targetHints":{"allow":["GET"]}}],"collection":[{"href":"https:\/\/begut.co\/index.php\/wp-json\/wp\/v2\/product"}],"about":[{"href":"https:\/\/begut.co\/index.php\/wp-json\/wp\/v2\/types\/product"}],"wp:featuredmedia":[{"embeddable":true,"href":"https:\/\/begut.co\/index.php\/wp-json\/wp\/v2\/media\/563"}],"wp:attachment":[{"href":"https:\/\/begut.co\/index.php\/wp-json\/wp\/v2\/media?parent=558"}],"wp:term":[{"taxonomy":"product_brand","embeddable":true,"href":"https:\/\/begut.co\/index.php\/wp-json\/wp\/v2\/product_brand?post=558"},{"taxonomy":"product_cat","embeddable":true,"href":"https:\/\/begut.co\/index.php\/wp-json\/wp\/v2\/product_cat?post=558"},{"taxonomy":"product_tag","embeddable":true,"href":"https:\/\/begut.co\/index.php\/wp-json\/wp\/v2\/product_tag?post=558"}],"curies":[{"name":"wp","href":"https:\/\/api.w.org\/{rel}","templated":true}]}}