{"id":561,"date":"2026-03-25T22:24:38","date_gmt":"2026-03-25T22:24:38","guid":{"rendered":"https:\/\/web.develop.begut.co\/?post_type=product&#038;p=561"},"modified":"2026-03-25T22:24:38","modified_gmt":"2026-03-25T22:24:38","slug":"vendas-elasticas-color-piel","status":"publish","type":"product","link":"https:\/\/begut.co\/index.php\/producto\/vendas-elasticas-color-piel\/","title":{"rendered":"Vendas El\u00e1sticas Color Piel"},"content":{"rendered":"<p>Empleado en la pr\u00e1ctica cl\u00ednica ortop\u00e9dica y en primeros auxilios, especialmente para mantener la presi\u00f3n sobre una<br \/>\ncompresa, cubrir lesiones o inmovilizar un miembro entre otras, Inmovilizaciones en general, fijaci\u00f3n de f\u00e9rulas.<\/p>\n","protected":false},"excerpt":{"rendered":"<p><strong>Barreras de defensa confiables para tu entorno<\/strong><\/p>\n","protected":false},"featured_media":562,"template":"","meta":{"_themeisle_gutenberg_block_has_review":false},"product_brand":[],"product_cat":[36],"product_tag":[],"class_list":{"0":"post-561","1":"product","2":"type-product","3":"status-publish","4":"has-post-thumbnail","6":"product_cat-proteccion","8":"first","9":"instock","10":"shipping-taxable","11":"product-type-simple"},"jetpack_sharing_enabled":true,"_links":{"self":[{"href":"https:\/\/begut.co\/index.php\/wp-json\/wp\/v2\/product\/561","targetHints":{"allow":["GET"]}}],"collection":[{"href":"https:\/\/begut.co\/index.php\/wp-json\/wp\/v2\/product"}],"about":[{"href":"https:\/\/begut.co\/index.php\/wp-json\/wp\/v2\/types\/product"}],"wp:featuredmedia":[{"embeddable":true,"href":"https:\/\/begut.co\/index.php\/wp-json\/wp\/v2\/media\/562"}],"wp:attachment":[{"href":"https:\/\/begut.co\/index.php\/wp-json\/wp\/v2\/media?parent=561"}],"wp:term":[{"taxonomy":"product_brand","embeddable":true,"href":"https:\/\/begut.co\/index.php\/wp-json\/wp\/v2\/product_brand?post=561"},{"taxonomy":"product_cat","embeddable":true,"href":"https:\/\/begut.co\/index.php\/wp-json\/wp\/v2\/product_cat?post=561"},{"taxonomy":"product_tag","embeddable":true,"href":"https:\/\/begut.co\/index.php\/wp-json\/wp\/v2\/product_tag?post=561"}],"curies":[{"name":"wp","href":"https:\/\/api.w.org\/{rel}","templated":true}]}}