{"id":580,"date":"2026-03-26T14:59:32","date_gmt":"2026-03-26T14:59:32","guid":{"rendered":"https:\/\/web.develop.begut.co\/?post_type=product&#038;p=580"},"modified":"2026-03-26T15:03:59","modified_gmt":"2026-03-26T15:03:59","slug":"jeringas-desechables-luer-lock","status":"publish","type":"product","link":"https:\/\/begut.co\/index.php\/producto\/jeringas-desechables-luer-lock\/","title":{"rendered":"Jeringas Desechables Luer Lock"},"content":{"rendered":"<p>Empaque de f\u00e1cil apertura, empaque herm\u00e9tico que protege la esterilidad de la Jeringa, escala milim\u00e9trica y n\u00edtida Extra-Bold, y en tintas indelebles, para una mejor exactitud en el medicamento.<br \/>\nNo t\u00f3xico &#8211; No pirog\u00e9nico<br \/>\nSistema Luer lock para una mayor sujeci\u00f3n de la aguja y menor riesgos laborales.<br \/>\nAguja Siliconada y tribiselada para una punci\u00f3n menos traum\u00e1tica.<\/p>\n","protected":false},"excerpt":{"rendered":"<p><strong>El soporte ideal para el monitoreo y bienestar diario<\/strong><\/p>\n","protected":false},"featured_media":581,"template":"","meta":{"_themeisle_gutenberg_block_has_review":false},"product_brand":[],"product_cat":[38],"product_tag":[],"class_list":{"0":"post-580","1":"product","2":"type-product","3":"status-publish","4":"has-post-thumbnail","6":"product_cat-complementarios","8":"first","9":"instock","10":"shipping-taxable","11":"product-type-simple"},"jetpack_sharing_enabled":true,"_links":{"self":[{"href":"https:\/\/begut.co\/index.php\/wp-json\/wp\/v2\/product\/580","targetHints":{"allow":["GET"]}}],"collection":[{"href":"https:\/\/begut.co\/index.php\/wp-json\/wp\/v2\/product"}],"about":[{"href":"https:\/\/begut.co\/index.php\/wp-json\/wp\/v2\/types\/product"}],"wp:featuredmedia":[{"embeddable":true,"href":"https:\/\/begut.co\/index.php\/wp-json\/wp\/v2\/media\/581"}],"wp:attachment":[{"href":"https:\/\/begut.co\/index.php\/wp-json\/wp\/v2\/media?parent=580"}],"wp:term":[{"taxonomy":"product_brand","embeddable":true,"href":"https:\/\/begut.co\/index.php\/wp-json\/wp\/v2\/product_brand?post=580"},{"taxonomy":"product_cat","embeddable":true,"href":"https:\/\/begut.co\/index.php\/wp-json\/wp\/v2\/product_cat?post=580"},{"taxonomy":"product_tag","embeddable":true,"href":"https:\/\/begut.co\/index.php\/wp-json\/wp\/v2\/product_tag?post=580"}],"curies":[{"name":"wp","href":"https:\/\/api.w.org\/{rel}","templated":true}]}}