{"id":590,"date":"2026-03-26T15:09:13","date_gmt":"2026-03-26T15:09:13","guid":{"rendered":"https:\/\/web.develop.begut.co\/?post_type=product&#038;p=590"},"modified":"2026-03-26T15:09:13","modified_gmt":"2026-03-26T15:09:13","slug":"gasas-esteril-3x3-y-4x4","status":"publish","type":"product","link":"https:\/\/begut.co\/index.php\/producto\/gasas-esteril-3x3-y-4x4\/","title":{"rendered":"Gasas Est\u00e9ril 3&#8243;x3&#8243; y 4&#8243;x4&#8243;"},"content":{"rendered":"<p>Para cubrir y curar heridas, limpiar y absorber l\u00edquidos e impedir la contaminaci\u00f3n de la herida, de uso m\u00e9dico y hospitalario<\/p>\n<p>En sobres individuales, No t\u00f3xica, no irritante, hipoalerg\u00e9nica.<\/p>\n","protected":false},"excerpt":{"rendered":"<p><strong>El soporte ideal para el monitoreo y bienestar diario<\/strong><\/p>\n","protected":false},"featured_media":591,"template":"","meta":{"_themeisle_gutenberg_block_has_review":false},"product_brand":[],"product_cat":[38],"product_tag":[],"class_list":{"0":"post-590","1":"product","2":"type-product","3":"status-publish","4":"has-post-thumbnail","6":"product_cat-complementarios","8":"first","9":"instock","10":"shipping-taxable","11":"product-type-simple"},"jetpack_sharing_enabled":true,"_links":{"self":[{"href":"https:\/\/begut.co\/index.php\/wp-json\/wp\/v2\/product\/590","targetHints":{"allow":["GET"]}}],"collection":[{"href":"https:\/\/begut.co\/index.php\/wp-json\/wp\/v2\/product"}],"about":[{"href":"https:\/\/begut.co\/index.php\/wp-json\/wp\/v2\/types\/product"}],"wp:featuredmedia":[{"embeddable":true,"href":"https:\/\/begut.co\/index.php\/wp-json\/wp\/v2\/media\/591"}],"wp:attachment":[{"href":"https:\/\/begut.co\/index.php\/wp-json\/wp\/v2\/media?parent=590"}],"wp:term":[{"taxonomy":"product_brand","embeddable":true,"href":"https:\/\/begut.co\/index.php\/wp-json\/wp\/v2\/product_brand?post=590"},{"taxonomy":"product_cat","embeddable":true,"href":"https:\/\/begut.co\/index.php\/wp-json\/wp\/v2\/product_cat?post=590"},{"taxonomy":"product_tag","embeddable":true,"href":"https:\/\/begut.co\/index.php\/wp-json\/wp\/v2\/product_tag?post=590"}],"curies":[{"name":"wp","href":"https:\/\/api.w.org\/{rel}","templated":true}]}}