{"id":598,"date":"2026-03-26T15:17:55","date_gmt":"2026-03-26T15:17:55","guid":{"rendered":"https:\/\/web.develop.begut.co\/?post_type=product&#038;p=598"},"modified":"2026-03-26T15:17:55","modified_gmt":"2026-03-26T15:17:55","slug":"tensiometro-manual-con-estetoscopio","status":"publish","type":"product","link":"https:\/\/begut.co\/index.php\/producto\/tensiometro-manual-con-estetoscopio\/","title":{"rendered":"Tensi\u00f3metro manual con Estetoscopio"},"content":{"rendered":"<p>Instrumento de diagn\u00f3stico que se utiliza para medir la presi\u00f3n arterial (Diast\u00f3lica y Sist\u00f3lica). Est\u00e1 compuesto por un brazalete, una bomba, un estetoscopio y un medidor.<\/p>\n<p>El producto cumple con EN 1060 esfigmoman\u00f3metros no invasivos.<\/p>\n","protected":false},"excerpt":{"rendered":"<p><strong>El soporte ideal para el monitoreo y bienestar diario<\/strong><\/p>\n","protected":false},"featured_media":599,"template":"","meta":{"_themeisle_gutenberg_block_has_review":false},"product_brand":[],"product_cat":[38],"product_tag":[],"class_list":{"0":"post-598","1":"product","2":"type-product","3":"status-publish","4":"has-post-thumbnail","6":"product_cat-complementarios","8":"first","9":"instock","10":"shipping-taxable","11":"product-type-simple"},"jetpack_sharing_enabled":true,"_links":{"self":[{"href":"https:\/\/begut.co\/index.php\/wp-json\/wp\/v2\/product\/598","targetHints":{"allow":["GET"]}}],"collection":[{"href":"https:\/\/begut.co\/index.php\/wp-json\/wp\/v2\/product"}],"about":[{"href":"https:\/\/begut.co\/index.php\/wp-json\/wp\/v2\/types\/product"}],"wp:featuredmedia":[{"embeddable":true,"href":"https:\/\/begut.co\/index.php\/wp-json\/wp\/v2\/media\/599"}],"wp:attachment":[{"href":"https:\/\/begut.co\/index.php\/wp-json\/wp\/v2\/media?parent=598"}],"wp:term":[{"taxonomy":"product_brand","embeddable":true,"href":"https:\/\/begut.co\/index.php\/wp-json\/wp\/v2\/product_brand?post=598"},{"taxonomy":"product_cat","embeddable":true,"href":"https:\/\/begut.co\/index.php\/wp-json\/wp\/v2\/product_cat?post=598"},{"taxonomy":"product_tag","embeddable":true,"href":"https:\/\/begut.co\/index.php\/wp-json\/wp\/v2\/product_tag?post=598"}],"curies":[{"name":"wp","href":"https:\/\/api.w.org\/{rel}","templated":true}]}}