{"id":601,"date":"2026-03-26T15:19:56","date_gmt":"2026-03-26T15:19:56","guid":{"rendered":"https:\/\/web.develop.begut.co\/?post_type=product&#038;p=601"},"modified":"2026-03-26T15:19:56","modified_gmt":"2026-03-26T15:19:56","slug":"pulsioximetro-adulto-begut","status":"publish","type":"product","link":"https:\/\/begut.co\/index.php\/producto\/pulsioximetro-adulto-begut\/","title":{"rendered":"Pulsiox\u00edmetro Adulto Begut"},"content":{"rendered":"<p>El Pulsiox\u00edmetro Modelo BM1000B es un dispositivo importante y com\u00fan para verificar la saturaci\u00f3n de ox\u00edgeno (SpO2) y la frecuencia del pulso. Es un dispositivo de monitoreo fisiol\u00f3gico peque\u00f1o, compacto, simple, confiable y duradero. La caja contiene: 1 pieza Pulsiox\u00edmetro Modelo BM1000B, 1 pieza de cord\u00f3n para colgar, manual de instrucciones en idioma espa\u00f1ol.<\/p>\n<p>Vida \u00fatil esperada: 3 a\u00f1os.<\/p>\n","protected":false},"excerpt":{"rendered":"<p><strong>El soporte ideal para el monitoreo y bienestar diario<\/strong><\/p>\n","protected":false},"featured_media":602,"template":"","meta":{"_themeisle_gutenberg_block_has_review":false},"product_brand":[],"product_cat":[38],"product_tag":[],"class_list":{"0":"post-601","1":"product","2":"type-product","3":"status-publish","4":"has-post-thumbnail","6":"product_cat-complementarios","8":"first","9":"instock","10":"shipping-taxable","11":"product-type-simple"},"jetpack_sharing_enabled":true,"_links":{"self":[{"href":"https:\/\/begut.co\/index.php\/wp-json\/wp\/v2\/product\/601","targetHints":{"allow":["GET"]}}],"collection":[{"href":"https:\/\/begut.co\/index.php\/wp-json\/wp\/v2\/product"}],"about":[{"href":"https:\/\/begut.co\/index.php\/wp-json\/wp\/v2\/types\/product"}],"wp:featuredmedia":[{"embeddable":true,"href":"https:\/\/begut.co\/index.php\/wp-json\/wp\/v2\/media\/602"}],"wp:attachment":[{"href":"https:\/\/begut.co\/index.php\/wp-json\/wp\/v2\/media?parent=601"}],"wp:term":[{"taxonomy":"product_brand","embeddable":true,"href":"https:\/\/begut.co\/index.php\/wp-json\/wp\/v2\/product_brand?post=601"},{"taxonomy":"product_cat","embeddable":true,"href":"https:\/\/begut.co\/index.php\/wp-json\/wp\/v2\/product_cat?post=601"},{"taxonomy":"product_tag","embeddable":true,"href":"https:\/\/begut.co\/index.php\/wp-json\/wp\/v2\/product_tag?post=601"}],"curies":[{"name":"wp","href":"https:\/\/api.w.org\/{rel}","templated":true}]}}