{"id":605,"date":"2026-03-26T15:24:29","date_gmt":"2026-03-26T15:24:29","guid":{"rendered":"https:\/\/web.develop.begut.co\/?post_type=product&#038;p=605"},"modified":"2026-03-26T15:27:06","modified_gmt":"2026-03-26T15:27:06","slug":"hisopo-de-algodon-aplicadores","status":"publish","type":"product","link":"https:\/\/begut.co\/index.php\/producto\/hisopo-de-algodon-aplicadores\/","title":{"rendered":"Hisopo de Algod\u00f3n &#8211; Aplicadores"},"content":{"rendered":"<p>Limpieza externa de o\u00eddos, nariz, ombligo y ojos, Retirar excesos de maquillaje y limpiar \u00e1reas de dif\u00edcil acceso.<\/p>\n","protected":false},"excerpt":{"rendered":"<p><strong>El soporte ideal para el monitoreo y bienestar diario<\/strong><\/p>\n","protected":false},"featured_media":606,"template":"","meta":{"_themeisle_gutenberg_block_has_review":false},"product_brand":[],"product_cat":[38],"product_tag":[],"class_list":{"0":"post-605","1":"product","2":"type-product","3":"status-publish","4":"has-post-thumbnail","6":"product_cat-complementarios","8":"first","9":"instock","10":"shipping-taxable","11":"product-type-simple"},"jetpack_sharing_enabled":true,"_links":{"self":[{"href":"https:\/\/begut.co\/index.php\/wp-json\/wp\/v2\/product\/605","targetHints":{"allow":["GET"]}}],"collection":[{"href":"https:\/\/begut.co\/index.php\/wp-json\/wp\/v2\/product"}],"about":[{"href":"https:\/\/begut.co\/index.php\/wp-json\/wp\/v2\/types\/product"}],"wp:featuredmedia":[{"embeddable":true,"href":"https:\/\/begut.co\/index.php\/wp-json\/wp\/v2\/media\/606"}],"wp:attachment":[{"href":"https:\/\/begut.co\/index.php\/wp-json\/wp\/v2\/media?parent=605"}],"wp:term":[{"taxonomy":"product_brand","embeddable":true,"href":"https:\/\/begut.co\/index.php\/wp-json\/wp\/v2\/product_brand?post=605"},{"taxonomy":"product_cat","embeddable":true,"href":"https:\/\/begut.co\/index.php\/wp-json\/wp\/v2\/product_cat?post=605"},{"taxonomy":"product_tag","embeddable":true,"href":"https:\/\/begut.co\/index.php\/wp-json\/wp\/v2\/product_tag?post=605"}],"curies":[{"name":"wp","href":"https:\/\/api.w.org\/{rel}","templated":true}]}}