{"id":607,"date":"2026-03-26T15:26:41","date_gmt":"2026-03-26T15:26:41","guid":{"rendered":"https:\/\/web.develop.begut.co\/?post_type=product&#038;p=607"},"modified":"2026-03-26T15:29:13","modified_gmt":"2026-03-26T15:29:13","slug":"bajalenguas-de-madera","status":"publish","type":"product","link":"https:\/\/begut.co\/index.php\/producto\/bajalenguas-de-madera\/","title":{"rendered":"Bajalenguas de Madera"},"content":{"rendered":"<p>Instrumento medico para deprimir la lengua permitiendo realizar el examen de la boca y la garganta.<br \/>\nTambi\u00e9n se usa en medicina para otros prop\u00f3sitos diagn\u00f3sticos y terap\u00e9uticos como: para examen de parpado, primeros auxilios para inmovilizar fracturas o luxaciones de los dedos.<\/p>\n","protected":false},"excerpt":{"rendered":"<p><strong>El soporte ideal para el monitoreo y bienestar diario<\/strong><\/p>\n","protected":false},"featured_media":610,"template":"","meta":{"_themeisle_gutenberg_block_has_review":false},"product_brand":[],"product_cat":[38],"product_tag":[],"class_list":{"0":"post-607","1":"product","2":"type-product","3":"status-publish","4":"has-post-thumbnail","6":"product_cat-complementarios","8":"first","9":"instock","10":"shipping-taxable","11":"product-type-simple"},"jetpack_sharing_enabled":true,"_links":{"self":[{"href":"https:\/\/begut.co\/index.php\/wp-json\/wp\/v2\/product\/607","targetHints":{"allow":["GET"]}}],"collection":[{"href":"https:\/\/begut.co\/index.php\/wp-json\/wp\/v2\/product"}],"about":[{"href":"https:\/\/begut.co\/index.php\/wp-json\/wp\/v2\/types\/product"}],"wp:featuredmedia":[{"embeddable":true,"href":"https:\/\/begut.co\/index.php\/wp-json\/wp\/v2\/media\/610"}],"wp:attachment":[{"href":"https:\/\/begut.co\/index.php\/wp-json\/wp\/v2\/media?parent=607"}],"wp:term":[{"taxonomy":"product_brand","embeddable":true,"href":"https:\/\/begut.co\/index.php\/wp-json\/wp\/v2\/product_brand?post=607"},{"taxonomy":"product_cat","embeddable":true,"href":"https:\/\/begut.co\/index.php\/wp-json\/wp\/v2\/product_cat?post=607"},{"taxonomy":"product_tag","embeddable":true,"href":"https:\/\/begut.co\/index.php\/wp-json\/wp\/v2\/product_tag?post=607"}],"curies":[{"name":"wp","href":"https:\/\/api.w.org\/{rel}","templated":true}]}}