{"id":618,"date":"2026-03-26T15:46:58","date_gmt":"2026-03-26T15:46:58","guid":{"rendered":"https:\/\/web.develop.begut.co\/?post_type=product&#038;p=618"},"modified":"2026-03-26T15:46:58","modified_gmt":"2026-03-26T15:46:58","slug":"venda-de-algodon-laminado","status":"publish","type":"product","link":"https:\/\/begut.co\/index.php\/producto\/venda-de-algodon-laminado\/","title":{"rendered":"Venda de Algod\u00f3n Laminado"},"content":{"rendered":"<p>Insumo m\u00e9dico dise\u00f1ado para proporcionar soporte, compresi\u00f3n ligera y protecci\u00f3n en diversas aplicaciones cl\u00ednicas. Gracias a su composici\u00f3n de algod\u00f3n y poli\u00e9ster, la venda BEGUT asegura una alta capacidad de absorci\u00f3n y ventilaci\u00f3n, siendo biocompatible con tejidos delicados.<\/p>\n","protected":false},"excerpt":{"rendered":"<p><strong>Barreras de defensa confiables para tu entorno<\/strong><\/p>\n","protected":false},"featured_media":427,"template":"","meta":{"_themeisle_gutenberg_block_has_review":false},"product_brand":[],"product_cat":[36],"product_tag":[],"class_list":{"0":"post-618","1":"product","2":"type-product","3":"status-publish","4":"has-post-thumbnail","6":"product_cat-proteccion","8":"first","9":"instock","10":"shipping-taxable","11":"product-type-simple"},"jetpack_sharing_enabled":true,"_links":{"self":[{"href":"https:\/\/begut.co\/index.php\/wp-json\/wp\/v2\/product\/618","targetHints":{"allow":["GET"]}}],"collection":[{"href":"https:\/\/begut.co\/index.php\/wp-json\/wp\/v2\/product"}],"about":[{"href":"https:\/\/begut.co\/index.php\/wp-json\/wp\/v2\/types\/product"}],"wp:featuredmedia":[{"embeddable":true,"href":"https:\/\/begut.co\/index.php\/wp-json\/wp\/v2\/media\/427"}],"wp:attachment":[{"href":"https:\/\/begut.co\/index.php\/wp-json\/wp\/v2\/media?parent=618"}],"wp:term":[{"taxonomy":"product_brand","embeddable":true,"href":"https:\/\/begut.co\/index.php\/wp-json\/wp\/v2\/product_brand?post=618"},{"taxonomy":"product_cat","embeddable":true,"href":"https:\/\/begut.co\/index.php\/wp-json\/wp\/v2\/product_cat?post=618"},{"taxonomy":"product_tag","embeddable":true,"href":"https:\/\/begut.co\/index.php\/wp-json\/wp\/v2\/product_tag?post=618"}],"curies":[{"name":"wp","href":"https:\/\/api.w.org\/{rel}","templated":true}]}}