{"id":620,"date":"2026-03-26T15:54:33","date_gmt":"2026-03-26T15:54:33","guid":{"rendered":"https:\/\/web.develop.begut.co\/?post_type=product&#038;p=620"},"modified":"2026-03-26T15:54:33","modified_gmt":"2026-03-26T15:54:33","slug":"apositos-adhesivos-aqua-protect","status":"publish","type":"product","link":"https:\/\/begut.co\/index.php\/producto\/apositos-adhesivos-aqua-protect\/","title":{"rendered":"Ap\u00f3sitos Adhesivos Aqua Protect"},"content":{"rendered":"<p>Los Ap\u00f3sitos adhesivos AQUA PROTECT est\u00e1n dise\u00f1adas para proporcionar un ambiente \u00f3ptimo de curaci\u00f3n en heridas superficiales, lesiones cut\u00e1neas leves y abrasiones. Su tecnolog\u00eda avanzada ayuda a proteger la herida mientras favorece una recuperaci\u00f3n segura y c\u00f3moda.<br \/>\nSon impermeables (waterproof), lo que impide el paso del agua y la humedad, manteniendo la herida protegida en todo momento. Gracias a su material hipoalerg\u00e9nico, son invisibles y suaves con la piel, adecuadas para uso frecuente, incluso en pieles sensibles.<br \/>\nPueden utilizarse con total confianza en entornos h\u00famedos como la ducha, piscina, playa o durante actividades diarias, sin riesgo de desprendimiento o filtraciones. Su adhesi\u00f3n segura y flexible permite libertad de movimiento, garantizando protecci\u00f3n, comodidad y tranquilidad.<\/p>\n","protected":false},"excerpt":{"rendered":"<p><strong>Recuperaci\u00f3n segura y protecci\u00f3n efectiva<\/strong><\/p>\n","protected":false},"featured_media":514,"template":"","meta":{"_themeisle_gutenberg_block_has_review":false},"product_brand":[],"product_cat":[35],"product_tag":[],"class_list":{"0":"post-620","1":"product","2":"type-product","3":"status-publish","4":"has-post-thumbnail","6":"product_cat-cuidado-de-la-herida","8":"first","9":"instock","10":"shipping-taxable","11":"product-type-simple"},"jetpack_sharing_enabled":true,"_links":{"self":[{"href":"https:\/\/begut.co\/index.php\/wp-json\/wp\/v2\/product\/620","targetHints":{"allow":["GET"]}}],"collection":[{"href":"https:\/\/begut.co\/index.php\/wp-json\/wp\/v2\/product"}],"about":[{"href":"https:\/\/begut.co\/index.php\/wp-json\/wp\/v2\/types\/product"}],"wp:featuredmedia":[{"embeddable":true,"href":"https:\/\/begut.co\/index.php\/wp-json\/wp\/v2\/media\/514"}],"wp:attachment":[{"href":"https:\/\/begut.co\/index.php\/wp-json\/wp\/v2\/media?parent=620"}],"wp:term":[{"taxonomy":"product_brand","embeddable":true,"href":"https:\/\/begut.co\/index.php\/wp-json\/wp\/v2\/product_brand?post=620"},{"taxonomy":"product_cat","embeddable":true,"href":"https:\/\/begut.co\/index.php\/wp-json\/wp\/v2\/product_cat?post=620"},{"taxonomy":"product_tag","embeddable":true,"href":"https:\/\/begut.co\/index.php\/wp-json\/wp\/v2\/product_tag?post=620"}],"curies":[{"name":"wp","href":"https:\/\/api.w.org\/{rel}","templated":true}]}}