{"id":621,"date":"2026-03-26T15:59:35","date_gmt":"2026-03-26T15:59:35","guid":{"rendered":"https:\/\/web.develop.begut.co\/?post_type=product&#038;p=621"},"modified":"2026-04-05T02:34:47","modified_gmt":"2026-04-05T02:34:47","slug":"vendas-cohesivas-autoadherentes","status":"publish","type":"product","link":"https:\/\/begut.co\/index.php\/producto\/vendas-cohesivas-autoadherentes\/","title":{"rendered":"Vendas Cohesivas Autoadherentes"},"content":{"rendered":"<p>Asegura una recuperaci\u00f3n efectiva y c\u00f3moda con nuestras Vendas Cohesivas BEGUT de alta calidad.<br \/>\nDise\u00f1adas para ofrecer una sujeci\u00f3n firme sin sacrificar la movilidad, estas vendas son la soluci\u00f3n ideal para el cuidado de heridas y lesiones tanto en mascotas como en humanos.<br \/>\nSu tecnolog\u00eda de auto adherencia permite que la venda se fije sobre s\u00ed misma sin necesidad de clips ni adhesivos que da\u00f1en la piel o arranquen el pelo de la mascota (animal) garantizando una experiencia libre de dolor al retirarla.<\/p>\n","protected":false},"excerpt":{"rendered":"<p><strong>Barreras de defensa confiables para tu entorno<\/strong><\/p>\n","protected":false},"featured_media":622,"template":"","meta":{"_themeisle_gutenberg_block_has_review":false},"product_brand":[],"product_cat":[38],"product_tag":[],"class_list":{"0":"post-621","1":"product","2":"type-product","3":"status-publish","4":"has-post-thumbnail","6":"product_cat-complementarios","8":"first","9":"instock","10":"product-type-simple"},"jetpack_sharing_enabled":true,"_links":{"self":[{"href":"https:\/\/begut.co\/index.php\/wp-json\/wp\/v2\/product\/621","targetHints":{"allow":["GET"]}}],"collection":[{"href":"https:\/\/begut.co\/index.php\/wp-json\/wp\/v2\/product"}],"about":[{"href":"https:\/\/begut.co\/index.php\/wp-json\/wp\/v2\/types\/product"}],"wp:featuredmedia":[{"embeddable":true,"href":"https:\/\/begut.co\/index.php\/wp-json\/wp\/v2\/media\/622"}],"wp:attachment":[{"href":"https:\/\/begut.co\/index.php\/wp-json\/wp\/v2\/media?parent=621"}],"wp:term":[{"taxonomy":"product_brand","embeddable":true,"href":"https:\/\/begut.co\/index.php\/wp-json\/wp\/v2\/product_brand?post=621"},{"taxonomy":"product_cat","embeddable":true,"href":"https:\/\/begut.co\/index.php\/wp-json\/wp\/v2\/product_cat?post=621"},{"taxonomy":"product_tag","embeddable":true,"href":"https:\/\/begut.co\/index.php\/wp-json\/wp\/v2\/product_tag?post=621"}],"curies":[{"name":"wp","href":"https:\/\/api.w.org\/{rel}","templated":true}]}}